{"id":403,"date":"2025-09-13T14:58:43","date_gmt":"2025-09-13T14:58:43","guid":{"rendered":"https:\/\/estudiovivasgonella.com.ar\/wp\/?page_id=403"},"modified":"2025-11-18T02:22:48","modified_gmt":"2025-11-18T02:22:48","slug":"clientes","status":"publish","type":"page","link":"https:\/\/estudiovivasgonella.com.ar\/wp\/clientes\/","title":{"rendered":"Clientes"},"content":{"rendered":"\n\n\n\n&nbsp;\u00bfPorqu\u00e9 conf\u00edan en nosotros?\n\n\n\n\n\n\n<p>Lorem Ipsum has been the industry&#8217;s standard dummy text ever since the 1500s.<\/p>\n\n\n\n<h4>Equipo de trabajo<\/h4>\n\n<h4><font color=\"#757575\"><span style=\"font-size: 14px; font-weight: 400; letter-spacing: normal;\">En <\/span><span style=\"font-size: 14px; letter-spacing: normal;\">V&amp;G Contadores | Consultores <\/span><span style=\"font-size: 14px; font-weight: 400; letter-spacing: normal;\">contamos con un equipo de profesionales especializados en diversos sectores econ\u00f3micos.<br>Brindamos soporte t\u00e9cnico adecuado a cada uno de nuestros clientes seg\u00fan su actividad, en \u00e1reas impositivas, laboral, contabilidad, costos y gesti\u00f3n administrativa.<\/span><\/font><\/h4>\n\n\n\n\nSectores econ\u00f3micos con los que trabajamos\n\n\n\n\n\n\n\n\n\n\n\n\n\n\n\n\n\n\n\n\n\n\n\n\n\n\n\n\n\n\n\n\n\u00bfQui\u00e9nes conf\u00edan en nosotros?\n\n\n\n\n\n\n\n\n\n\n\nCasos de \u00e9xito\n\n\n\n<h5>Redise\u00f1o de procesos administrativos<br><br><\/h5>\n<p>Un cuello de botella en el \u00e1rea administrativa frenaba el crecimiento de una PYME del sector metal\u00fargico. <strong>Desde V&amp;G redise\u00f1amos los procesos administrativos con foco en la eficiencia operativa y capacitamos al personal. Los resultados del proceso fueron muy positivos, logrando que la empresa se adapte al cambio y aumente su rentabilidad.<br><br><\/strong><\/p>\n\n\n<h5>Proyecciones para empresas<br><br><\/h5>\n<p>Una empresa de servicios, superando ingresos proyectados, enfrentaba dudas sobre c\u00f3mo crecer por desconocimiento de sus costos reales. <strong>Con el asesoramiento de V&amp;G se reorganizaron los registros, se asignaron operaciones a centros de costos, se estableci\u00f3 el costo real del servicio y el punto de equilibrio. <\/strong>As\u00ed, la empresa tom\u00f3 decisiones estrat\u00e9gicas y se expandi\u00f3 con mayor certeza.<br><br><\/p>\n\n\n\n\n\nNuestros clientes dicen&#8230;\n\n\n\n\n\n\n<span style=\"color: rgb(0, 0, 0); font-family: &quot;Open Sans&quot;; font-size: 16px; font-style: normal; font-variant-ligatures: normal; font-variant-caps: normal; font-weight: 400;\">\u00ab<\/span>En Pro Life valoramos profundamente<strong> el acompa\u00f1amiento <\/strong>del Estudio Contable Vivas Gonella.\nEl equilibrio que logran entre cercan\u00eda y profesionalismo los convierte en un socio estrat\u00e9gico clave para nuestro crecimiento y consolidaci\u00f3n institucional.<span style=\"color: rgb(0, 0, 0); font-family: &quot;Open Sans&quot;; font-size: 16px; font-style: normal; font-variant-ligatures: normal; font-variant-caps: normal; font-weight: 400;\">\u00ab<\/span>\n\n\n\u00abElegimos este estudio por la<strong> confianza y la claridad <\/strong>con la que nos asesoran, siempre con soluciones pr\u00e1cticas para nuestra agencia. Valoramos la dedicaci\u00f3n y acompa\u00f1amiento constante que nos brindan!\u00bb\n\n\n","protected":false},"excerpt":{"rendered":"","protected":false},"author":1,"featured_media":0,"parent":0,"menu_order":0,"comment_status":"closed","ping_status":"closed","template":"","meta":{"pagelayer_contact_templates":[],"_pagelayer_content":"","footnotes":""},"class_list":["post-403","page","type-page","status-publish","hentry"],"_links":{"self":[{"href":"https:\/\/estudiovivasgonella.com.ar\/wp\/wp-json\/wp\/v2\/pages\/403","targetHints":{"allow":["GET"]}}],"collection":[{"href":"https:\/\/estudiovivasgonella.com.ar\/wp\/wp-json\/wp\/v2\/pages"}],"about":[{"href":"https:\/\/estudiovivasgonella.com.ar\/wp\/wp-json\/wp\/v2\/types\/page"}],"author":[{"embeddable":true,"href":"https:\/\/estudiovivasgonella.com.ar\/wp\/wp-json\/wp\/v2\/users\/1"}],"replies":[{"embeddable":true,"href":"https:\/\/estudiovivasgonella.com.ar\/wp\/wp-json\/wp\/v2\/comments?post=403"}],"version-history":[{"count":43,"href":"https:\/\/estudiovivasgonella.com.ar\/wp\/wp-json\/wp\/v2\/pages\/403\/revisions"}],"predecessor-version":[{"id":532,"href":"https:\/\/estudiovivasgonella.com.ar\/wp\/wp-json\/wp\/v2\/pages\/403\/revisions\/532"}],"wp:attachment":[{"href":"https:\/\/estudiovivasgonella.com.ar\/wp\/wp-json\/wp\/v2\/media?parent=403"}],"curies":[{"name":"wp","href":"https:\/\/api.w.org\/{rel}","templated":true}]}}